{"id":54,"date":"2017-01-26T17:17:10","date_gmt":"2017-01-26T16:17:10","guid":{"rendered":"http:\/\/joannafijalkowska.pl\/?page_id=54"},"modified":"2020-05-02T13:59:14","modified_gmt":"2020-05-02T11:59:14","slug":"strona-glowna","status":"publish","type":"page","link":"https:\/\/joanna-fijalkowska.pl\/","title":{"rendered":"O mnie &#8230;"},"content":{"rendered":"<p>Urodzi\u0142am si\u0119 w 1976 roku w Przemy\u015blu. Uko\u0144czy\u0142am z wyr\u00f3\u017cnieniem Pa\u0144stwowe Liceum Sztuk Plastycznych w Zdu\u0144skiej Woli, kierunek <em>Formy u\u017cytkowe &#8211; ceramika artystyczna<\/em> oraz Akademi\u0119 Sztuk Pi\u0119knych im. W\u0142adys\u0142awa Strzemi\u0144skiego w \u0141odzi Wydzia\u0142 Edukacji Wizualnej, dyplom z wyr\u00f3\u017cnieniem z malarstwa i rysunku.<\/p>\n<p><em>W malarstwie niezmiennie fascynuje mnie kolor jako no\u015bnik czystych i \u017cywych emocji. Przebijam si\u0119 przez jego cienkie, mgliste warstwy \u0142\u0105cz\u0105c \u015bwiaty, kt\u00f3re czuj\u0119, o kt\u00f3rych \u015bni\u0119 z tym, kt\u00f3ry znam i kt\u00f3rego dotykam na co dzie\u0144. Wa\u017cne dla mnie jest poszukiwanie niewiadomej, zawieszonej w bezkresie przestrzeni, odkrywanie tajemnicy natury, przemijania i czasu. W swoich obrazach opowiadam o uczuciach, wra\u017ceniu ulotno\u015bci chwili w spos\u00f3b jak najbardziej prosty i zwi\u0119z\u0142y, pozbawiony zb\u0119dnych ozdobnik\u00f3w.<\/em><\/p>\n<p>Zapraszam do ogl\u0105dania moich prac.<br \/>Joanna Fija\u0142kowska<\/p>\n<h3><strong><a href=\"http:\/\/joanna-fijalkowska.pl\/?page_id=58\">Malarstwo<\/a> &amp; <a href=\"http:\/\/joanna-fijalkowska.pl\/?page_id=55\">Rysunek<\/a><\/strong><\/h3>\n\n\n<p class=\"has-text-align-right\"><a href=\"https:\/\/www.facebook.com\/fiolekJF\/\" target=\"_blank\" rel=\"noreferrer noopener\"><img loading=\"lazy\" decoding=\"async\" width=\"32\" height=\"32\" class=\"wp-image-348\" style=\"width: 32px;\" src=\"https:\/\/joanna-fijalkowska.pl\/wp-content\/uploads\/2020\/02\/Facebook_2.png\" alt=\"\" srcset=\"https:\/\/joanna-fijalkowska.pl\/wp-content\/uploads\/2020\/02\/Facebook_2.png 128w, https:\/\/joanna-fijalkowska.pl\/wp-content\/uploads\/2020\/02\/Facebook_2-100x100.png 100w\" sizes=\"auto, (max-width: 32px) 100vw, 32px\" \/><\/a><\/p>\n","protected":false},"excerpt":{"rendered":"<p>Urodzi\u0142am si\u0119 w 1976 roku w Przemy\u015blu. Uko\u0144czy\u0142am z wyr\u00f3\u017cnieniem Pa\u0144stwowe Liceum Sztuk Plastycznych w Zdu\u0144skiej Woli, kierunek Formy u\u017cytkowe &#8211; ceramika artystyczna oraz Akademi\u0119 Sztuk Pi\u0119knych im. W\u0142adys\u0142awa Strzemi\u0144skiego w \u0141odzi Wydzia\u0142 Edukacji Wizualnej, dyplom z wyr\u00f3\u017cnieniem z malarstwa i rysunku. W malarstwie niezmiennie fascynuje mnie kolor jako no\u015bnik czystych i \u017cywych emocji. Przebijam &hellip; <\/p>\n<p class=\"link-more\"><a href=\"https:\/\/joanna-fijalkowska.pl\/\" class=\"more-link\">Czytaj dalej<span class=\"screen-reader-text\"> \u201eO mnie &#8230;\u201d<\/span><\/a><\/p>\n","protected":false},"author":1,"featured_media":0,"parent":0,"menu_order":1,"comment_status":"closed","ping_status":"closed","template":"","meta":{"footnotes":""},"class_list":["post-54","page","type-page","status-publish","hentry"],"_links":{"self":[{"href":"https:\/\/joanna-fijalkowska.pl\/index.php?rest_route=\/wp\/v2\/pages\/54","targetHints":{"allow":["GET"]}}],"collection":[{"href":"https:\/\/joanna-fijalkowska.pl\/index.php?rest_route=\/wp\/v2\/pages"}],"about":[{"href":"https:\/\/joanna-fijalkowska.pl\/index.php?rest_route=\/wp\/v2\/types\/page"}],"author":[{"embeddable":true,"href":"https:\/\/joanna-fijalkowska.pl\/index.php?rest_route=\/wp\/v2\/users\/1"}],"replies":[{"embeddable":true,"href":"https:\/\/joanna-fijalkowska.pl\/index.php?rest_route=%2Fwp%2Fv2%2Fcomments&post=54"}],"version-history":[{"count":13,"href":"https:\/\/joanna-fijalkowska.pl\/index.php?rest_route=\/wp\/v2\/pages\/54\/revisions"}],"predecessor-version":[{"id":382,"href":"https:\/\/joanna-fijalkowska.pl\/index.php?rest_route=\/wp\/v2\/pages\/54\/revisions\/382"}],"wp:attachment":[{"href":"https:\/\/joanna-fijalkowska.pl\/index.php?rest_route=%2Fwp%2Fv2%2Fmedia&parent=54"}],"curies":[{"name":"wp","href":"https:\/\/api.w.org\/{rel}","templated":true}]}}